{"id":68,"date":"2019-03-11T13:58:01","date_gmt":"2019-03-11T06:58:01","guid":{"rendered":"http:\/\/demo.greensoft.vn\/bocau\/?page_id=68"},"modified":"2026-02-05T03:55:51","modified_gmt":"2026-02-05T03:55:51","slug":"lien-he","status":"publish","type":"page","link":"https:\/\/bocau.com.vn\/en\/lien-he\/","title":{"rendered":"Contact"},"content":{"rendered":"<section class=\"section dark\" id=\"section_1198852795\">\n\t\t<div class=\"section-bg fill\" >\n\t\t\t<img loading=\"lazy\" decoding=\"async\" width=\"2560\" height=\"1440\" src=\"https:\/\/bocau.com.vn\/wp-content\/uploads\/2024\/05\/background3-scaled.jpg\" class=\"bg attachment-original size-original\" alt=\"\" \/>\t\t\t\t\t\t<div class=\"effect-snow bg-effect fill no-click\"><\/div>\n\t\t\t\n\n\t\t<\/div>\n\n\t\t\n\t<div class=\"ux-shape-divider ux-shape-divider--bottom ux-shape-divider--style-waves-opacity-3\">\n\t\t<svg viewbox=\"0 0 1000 300\" xmlns=\"http:\/\/www.w3.org\/2000\/svg\" preserveaspectratio=\"none\">\n\t<path class=\"ux-shape-fill\" opacity=\"0.05\" d=\"M1014 264V386H206L34 300C34 300 344.42 277.16 436 221C542 156 590 160 704 209C811 255 899.11 214.94 979 346L1014 264Z\"\/>\n\t<path class=\"ux-shape-fill\" opacity=\"0.1\" d=\"M-302 55C-302 55 -66.73 263.25 50 214C178 160 283 116 353 141C445.68 174.1 534.28 256.19 588 249C692.9 235 764.52 75.94 855 131C940.61 183.09 1000 254 1000 254V328L-306 338L-302 55Z\"\/>\n\t<path class=\"ux-shape-fill\" opacity=\"0.15\" d=\"M-286 255C-286 255 -72 152 52 126C176 100 255 155 436 227C581.57 284.91 614.7 277.79 708 227C787 184 1009 3.0001 1093 164C1146 265.63 1031 293 1031 293L924 377L-288 389L-286 255Z\"\/>\n\t<path class=\"ux-shape-fill\" opacity=\"0.3\" d=\"M-24 69C-24 69 275.68 370.66 389 314C397 310 622 316 673 356C690.47 369.7 845 224 890 182C944.8 130.85 1018 92 1078 143C1154.12 207.7 1196 242 1196 242L1184 374L-28 386L-24 69Z\"\/>\n\t<path class=\"ux-shape-fill\" d=\"M-12 201C-12 201 58 284 182 258C306 232 342.29 221.23 456 264C565 305 640.82 288.36 721 249C776 222 837.5 191.31 935 253C984 284 1030 279 1030 279L1024 430L-12 440V201Z\"\/>\n<\/svg>\n\t<\/div>\n\n\t\t<div class=\"section-content relative\">\n\t\t\t\n\n<div class=\"row\"  id=\"row-2052294791\">\n\n\n\t<div id=\"col-852692223\" class=\"col small-12 large-12\"  >\n\t\t\t\t<div class=\"col-inner text-center\"  >\n\t\t\t\n\t\t\t\n\n<h2 style=\"font-size: 200%;\">Contact us<\/h2>\n\n\t\t<\/div>\n\t\t\t\t\n<style>\n#col-852692223 > .col-inner {\n  padding: 20px 0px 0px 0px;\n}\n<\/style>\n\t<\/div>\n\n\t\n\n<\/div>\n\n\t\t<\/div>\n\n\t\t\n<style>\n#section_1198852795 {\n  padding-top: 50px;\n  padding-bottom: 50px;\n}\n#section_1198852795 .section-bg img {\n  object-position: 48% 50%;\n}\n#section_1198852795 .ux-shape-divider--bottom svg {\n  height: 60px;\n  --divider-width: 100%;\n}\n@media (min-width:550px) {\n  #section_1198852795 {\n    padding-top: 100px;\n    padding-bottom: 100px;\n  }\n  #section_1198852795 .ux-shape-divider--bottom svg {\n    height: 150px;\n  }\n}\n<\/style>\n\t<\/section>\n\t\n\n\t<section class=\"section\" id=\"section_1721226468\">\n\t\t<div class=\"section-bg fill\" >\n\t\t\t\t\t\t\t\t\t\n\t\t\t\n\n\t\t<\/div>\n\n\t\t\n\n\t\t<div class=\"section-content relative\">\n\t\t\t\n\n<div class=\"row row-small align-equal align-center row-box-shadow-3 row-box-shadow-5-hover\"  id=\"row-1718286506\">\n\n\n\t<div id=\"col-1438570259\" class=\"col medium-12 small-11 large-4\"  >\n\t\t\t\t<div class=\"col-inner\"  >\n\t\t\t\n\t\t\t\n\n\n\t<a class=\"plain\" href=\"https:\/\/maps.app.goo.gl\/9jRBiHETMTj6MppQ6\" target=\"_blank\" rel=\"noopener\" >\t<div class=\"icon-box featured-box icon-box-center text-center\"  >\n\t\t\t\t\t<div class=\"icon-box-img\" style=\"width: 40px\">\n\t\t\t\t<div class=\"icon\">\n\t\t\t\t\t<div class=\"icon-inner\" >\n\t\t\t\t\t\t<img loading=\"lazy\" decoding=\"async\" width=\"300\" height=\"300\" src=\"https:\/\/bocau.com.vn\/wp-content\/uploads\/2024\/05\/location-300x300.png\" class=\"attachment-medium size-medium\" alt=\"\" srcset=\"https:\/\/bocau.com.vn\/wp-content\/uploads\/2024\/05\/location-300x300.png 300w, https:\/\/bocau.com.vn\/wp-content\/uploads\/2024\/05\/location-150x150.png 150w, https:\/\/bocau.com.vn\/wp-content\/uploads\/2024\/05\/location.png 512w\" sizes=\"auto, (max-width: 300px) 100vw, 300px\" \/>\t\t\t\t\t<\/div>\n\t\t\t\t<\/div>\n\t\t\t<\/div>\n\t\t\t\t<div class=\"icon-box-text last-reset\">\n\t\t\t\t\t\t\t\t\t\n\n\t<div id=\"text-1774964188\" class=\"text\">\n\t\t\n\n<h4>Tr\u1ee5 s\u1edf ch\u00ednh<\/h4>\n<p>31 Ph\u1ea1m Ph\u00fa Th\u1ee9, Ph\u01b0\u1eddng B\u1ea3y Hi\u1ec1n,<br \/>Th\u00e0nh Ph\u1ed1 H\u1ed3 Ch\u00ed Minh<\/p>\n\t\t\n<style>\n#text-1774964188 {\n  line-height: 1;\n}\n<\/style>\n\t<\/div>\n\t\n\n\t\t<\/div>\n\t<\/div>\n\t<\/a>\n\t\n\t<div id=\"gap-492767830\" class=\"gap-element clearfix\" style=\"display:block; height:auto;\">\n\t\t\n<style>\n#gap-492767830 {\n  padding-top: 20px;\n}\n<\/style>\n\t<\/div>\n\t\n\n\n\t\t<\/div>\n\t\t\t\t\t<\/div>\n\n\t\n\n\t<div id=\"col-1867109067\" class=\"col medium-6 small-11 large-4\"  >\n\t\t\t\t<div class=\"col-inner\"  >\n\t\t\t\n\t\t\t\n\n\n\t<a class=\"plain\" href=\"https:\/\/maps.app.goo.gl\/afupLCimkhRT2AcT8\" target=\"_blank\" rel=\"noopener\" >\t<div class=\"icon-box featured-box icon-box-center text-center\"  >\n\t\t\t\t\t<div class=\"icon-box-img\" style=\"width: 40px\">\n\t\t\t\t<div class=\"icon\">\n\t\t\t\t\t<div class=\"icon-inner\" >\n\t\t\t\t\t\t<img loading=\"lazy\" decoding=\"async\" width=\"300\" height=\"300\" src=\"https:\/\/bocau.com.vn\/wp-content\/uploads\/2024\/05\/location-300x300.png\" class=\"attachment-medium size-medium\" alt=\"\" srcset=\"https:\/\/bocau.com.vn\/wp-content\/uploads\/2024\/05\/location-300x300.png 300w, https:\/\/bocau.com.vn\/wp-content\/uploads\/2024\/05\/location-150x150.png 150w, https:\/\/bocau.com.vn\/wp-content\/uploads\/2024\/05\/location.png 512w\" sizes=\"auto, (max-width: 300px) 100vw, 300px\" \/>\t\t\t\t\t<\/div>\n\t\t\t\t<\/div>\n\t\t\t<\/div>\n\t\t\t\t<div class=\"icon-box-text last-reset\">\n\t\t\t\t\t\t\t\t\t\n\n\t<div id=\"text-1821035224\" class=\"text\">\n\t\t\n\n<h4>V\u0103n ph\u00f2ng H\u00e0 N\u1ed9i<\/h4>\n<p>T\u1ea7ng 6, T\u00f2a nh\u00e0 MD Complex, <br \/>S\u1ed1 68 Ph\u1ed1 Nguy\u1ec5n C\u01a1 Th\u1ea1ch, <br \/>Ph\u01b0\u1eddng T\u1eeb Li\u00eam, Th\u00e0nh Ph\u1ed1 H\u00e0 N\u1ed9i<\/p>\n\n\t\t\n<style>\n#text-1821035224 {\n  line-height: 1;\n}\n<\/style>\n\t<\/div>\n\t\n\n\t\t<\/div>\n\t<\/div>\n\t<\/a>\n\t\n\t<div id=\"gap-1683778871\" class=\"gap-element clearfix\" style=\"display:block; height:auto;\">\n\t\t\n<style>\n#gap-1683778871 {\n  padding-top: 20px;\n}\n<\/style>\n\t<\/div>\n\t\n\n\n\t\t<\/div>\n\t\t\t\t\t<\/div>\n\n\t\n\n\t<div id=\"col-789808188\" class=\"col medium-6 small-11 large-4\"  >\n\t\t\t\t<div class=\"col-inner\"  >\n\t\t\t\n\t\t\t\n\n\n\t<a class=\"plain\" href=\"https:\/\/maps.app.goo.gl\/tWRhxyEeudjKekGNA\" target=\"_blank\" rel=\"noopener\" >\t<div class=\"icon-box featured-box icon-box-center text-center\"  >\n\t\t\t\t\t<div class=\"icon-box-img\" style=\"width: 40px\">\n\t\t\t\t<div class=\"icon\">\n\t\t\t\t\t<div class=\"icon-inner\" >\n\t\t\t\t\t\t<img loading=\"lazy\" decoding=\"async\" width=\"300\" height=\"300\" src=\"https:\/\/bocau.com.vn\/wp-content\/uploads\/2024\/05\/location-300x300.png\" class=\"attachment-medium size-medium\" alt=\"\" srcset=\"https:\/\/bocau.com.vn\/wp-content\/uploads\/2024\/05\/location-300x300.png 300w, https:\/\/bocau.com.vn\/wp-content\/uploads\/2024\/05\/location-150x150.png 150w, https:\/\/bocau.com.vn\/wp-content\/uploads\/2024\/05\/location.png 512w\" sizes=\"auto, (max-width: 300px) 100vw, 300px\" \/>\t\t\t\t\t<\/div>\n\t\t\t\t<\/div>\n\t\t\t<\/div>\n\t\t\t\t<div class=\"icon-box-text last-reset\">\n\t\t\t\t\t\t\t\t\t\n\n\t<div id=\"text-1912414800\" class=\"text\">\n\t\t\n\n<h4>V\u0103n ph\u00f2ng \u0110\u00e0 N\u1eb5ng<\/h4>\n<p>T\u1ea7ng 6, T\u00f2a nh\u00e0 d\u1ea7u kh\u00ed, S\u1ed1 02 <br \/>\u0111\u01b0\u1eddng 30-4, Ph\u01b0\u1eddng H\u00f2a C\u01b0\u1eddng, <br \/>Th\u00e0nh Ph\u1ed1 \u0110\u00e0 N\u1eb5ng<\/p>\n\t\t\n<style>\n#text-1912414800 {\n  line-height: 1;\n}\n<\/style>\n\t<\/div>\n\t\n\n\t\t<\/div>\n\t<\/div>\n\t<\/a>\n\t\n\t<div id=\"gap-2142554913\" class=\"gap-element clearfix\" style=\"display:block; height:auto;\">\n\t\t\n<style>\n#gap-2142554913 {\n  padding-top: 20px;\n}\n<\/style>\n\t<\/div>\n\t\n\n\n\t\t<\/div>\n\t\t\t\t\t<\/div>\n\n\t\n\n\t<div id=\"col-894273494\" class=\"col medium-6 small-11 large-4\"  >\n\t\t\t\t<div class=\"col-inner\"  >\n\t\t\t\n\t\t\t\n\n\n\t<a class=\"plain\" href=\"tel:02839718719\" >\t<div class=\"icon-box featured-box icon-box-center text-center\"  >\n\t\t\t\t\t<div class=\"icon-box-img\" style=\"width: 40px\">\n\t\t\t\t<div class=\"icon\">\n\t\t\t\t\t<div class=\"icon-inner\" >\n\t\t\t\t\t\t<img loading=\"lazy\" decoding=\"async\" width=\"300\" height=\"300\" src=\"https:\/\/bocau.com.vn\/wp-content\/uploads\/2024\/05\/mobile-300x300.png\" class=\"attachment-medium size-medium\" alt=\"\" srcset=\"https:\/\/bocau.com.vn\/wp-content\/uploads\/2024\/05\/mobile-300x300.png 300w, https:\/\/bocau.com.vn\/wp-content\/uploads\/2024\/05\/mobile-150x150.png 150w, https:\/\/bocau.com.vn\/wp-content\/uploads\/2024\/05\/mobile-12x12.png 12w, https:\/\/bocau.com.vn\/wp-content\/uploads\/2024\/05\/mobile.png 512w\" sizes=\"auto, (max-width: 300px) 100vw, 300px\" \/>\t\t\t\t\t<\/div>\n\t\t\t\t<\/div>\n\t\t\t<\/div>\n\t\t\t\t<div class=\"icon-box-text last-reset\">\n\t\t\t\t\t\t\t\t\t\n\n\t<div id=\"text-2560445827\" class=\"text\">\n\t\t\n\n<h4>Phone<\/h4>\n<p>028 39 718 719<\/p>\n<div id=\"gtx-trans\" style=\"position: absolute; left: -10px; top: 34.3906px;\">\n<div class=\"gtx-trans-icon\">\u00a0<\/div>\n<\/div>\n\t\t\n<style>\n#text-2560445827 {\n  line-height: 1;\n}\n<\/style>\n\t<\/div>\n\t\n\n\t\t<\/div>\n\t<\/div>\n\t<\/a>\n\t\n\t<div id=\"gap-1801537046\" class=\"gap-element clearfix\" style=\"display:block; height:auto;\">\n\t\t\n<style>\n#gap-1801537046 {\n  padding-top: 20px;\n}\n<\/style>\n\t<\/div>\n\t\n\n\n\t\t<\/div>\n\t\t\t\t\t<\/div>\n\n\t\n\n\t<div id=\"col-1084394946\" class=\"col medium-6 small-11 large-4\"  >\n\t\t\t\t<div class=\"col-inner\"  >\n\t\t\t\n\t\t\t\n\n\n\t<a class=\"plain\" href=\"mailto:info@bocau.com.vn\" target=\"_blank\" rel=\"noopener\" >\t<div class=\"icon-box featured-box icon-box-center text-center\"  >\n\t\t\t\t\t<div class=\"icon-box-img\" style=\"width: 40px\">\n\t\t\t\t<div class=\"icon\">\n\t\t\t\t\t<div class=\"icon-inner\" >\n\t\t\t\t\t\t<img loading=\"lazy\" decoding=\"async\" width=\"300\" height=\"300\" src=\"https:\/\/bocau.com.vn\/wp-content\/uploads\/2024\/05\/message-300x300.png\" class=\"attachment-medium size-medium\" alt=\"\" srcset=\"https:\/\/bocau.com.vn\/wp-content\/uploads\/2024\/05\/message-300x300.png 300w, https:\/\/bocau.com.vn\/wp-content\/uploads\/2024\/05\/message-150x150.png 150w, https:\/\/bocau.com.vn\/wp-content\/uploads\/2024\/05\/message.png 512w\" sizes=\"auto, (max-width: 300px) 100vw, 300px\" \/>\t\t\t\t\t<\/div>\n\t\t\t\t<\/div>\n\t\t\t<\/div>\n\t\t\t\t<div class=\"icon-box-text last-reset\">\n\t\t\t\t\t\t\t\t\t\n\n\t<div id=\"text-2720645250\" class=\"text\">\n\t\t\n\n<h4>Email<\/h4>\n<p>info@bocau.com.vn<\/p>\n\t\t\n<style>\n#text-2720645250 {\n  line-height: 1;\n}\n<\/style>\n\t<\/div>\n\t\n\n\t\t<\/div>\n\t<\/div>\n\t<\/a>\n\t\n\t<div id=\"gap-304363062\" class=\"gap-element clearfix\" style=\"display:block; height:auto;\">\n\t\t\n<style>\n#gap-304363062 {\n  padding-top: 20px;\n}\n<\/style>\n\t<\/div>\n\t\n\n\n\t\t<\/div>\n\t\t\t\t\t<\/div>\n\n\t\n\n\n<style>\n#row-1718286506 > .col > .col-inner {\n  padding: 15px 0px 0px 0px;\n  border-radius: 30px;\n}\n<\/style>\n<\/div>\n\n\t\t<\/div>\n\n\t\t\n<style>\n#section_1721226468 {\n  padding-top: 30px;\n  padding-bottom: 30px;\n}\n<\/style>\n\t<\/section>\n\t\n\n\t<section class=\"section\" id=\"section_1231879977\">\n\t\t<div class=\"section-bg fill\" >\n\t\t\t<img loading=\"lazy\" decoding=\"async\" width=\"1900\" height=\"1200\" src=\"https:\/\/bocau.com.vn\/wp-content\/uploads\/2024\/05\/background5.jpg\" class=\"bg attachment- size-\" alt=\"\" \/>\t\t\t\t\t\t<div class=\"effect-snow bg-effect fill no-click\"><\/div>\n\t\t\t\n\n\t\t<\/div>\n\n\t\t\t<div class=\"ux-shape-divider ux-shape-divider--top ux-shape-divider--style-waves-opacity-3\">\n\t\t<svg viewbox=\"0 0 1000 300\" xmlns=\"http:\/\/www.w3.org\/2000\/svg\" preserveaspectratio=\"none\">\n\t<path class=\"ux-shape-fill\" opacity=\"0.05\" d=\"M1014 264V386H206L34 300C34 300 344.42 277.16 436 221C542 156 590 160 704 209C811 255 899.11 214.94 979 346L1014 264Z\"\/>\n\t<path class=\"ux-shape-fill\" opacity=\"0.1\" d=\"M-302 55C-302 55 -66.73 263.25 50 214C178 160 283 116 353 141C445.68 174.1 534.28 256.19 588 249C692.9 235 764.52 75.94 855 131C940.61 183.09 1000 254 1000 254V328L-306 338L-302 55Z\"\/>\n\t<path class=\"ux-shape-fill\" opacity=\"0.15\" d=\"M-286 255C-286 255 -72 152 52 126C176 100 255 155 436 227C581.57 284.91 614.7 277.79 708 227C787 184 1009 3.0001 1093 164C1146 265.63 1031 293 1031 293L924 377L-288 389L-286 255Z\"\/>\n\t<path class=\"ux-shape-fill\" opacity=\"0.3\" d=\"M-24 69C-24 69 275.68 370.66 389 314C397 310 622 316 673 356C690.47 369.7 845 224 890 182C944.8 130.85 1018 92 1078 143C1154.12 207.7 1196 242 1196 242L1184 374L-28 386L-24 69Z\"\/>\n\t<path class=\"ux-shape-fill\" d=\"M-12 201C-12 201 58 284 182 258C306 232 342.29 221.23 456 264C565 305 640.82 288.36 721 249C776 222 837.5 191.31 935 253C984 284 1030 279 1030 279L1024 430L-12 440V201Z\"\/>\n<\/svg>\n\t<\/div>\n\n\n\t\t<div class=\"section-content relative\">\n\t\t\t\n\n\t<div id=\"gap-587363083\" class=\"gap-element clearfix\" style=\"display:block; height:auto;\">\n\t\t\n<style>\n#gap-587363083 {\n  padding-top: 30px;\n}\n<\/style>\n\t<\/div>\n\t\n\n<div class=\"row\"  id=\"row-110356157\">\n\n\n\t<div id=\"col-637335751\" class=\"col small-12 large-12\"  >\n\t\t\t\t<div class=\"col-inner\" style=\"background-color:rgba(255, 255, 255, 0.9);\" >\n\t\t\t\n\t\t\t\n\n<div class=\"row align-middle align-center\"  id=\"row-1511250971\">\n\n\n\t<div id=\"col-2013598982\" class=\"col medium-9 small-12 large-6\"  >\n\t\t\t\t<div class=\"col-inner text-center\"  >\n\t\t\t\n\t\t\t\n\n\t<div id=\"text-446188560\" class=\"text\">\n\t\t\n\n<p><h3>Leave your information, we will contact you back!<\/h3>\n<\/p>\n\t\t\n<style>\n#text-446188560 {\n  font-size: 1.5rem;\n}\n<\/style>\n\t<\/div>\n\t\n<div class=\"social-icons follow-icons\" ><a href=\"https:\/\/www.facebook.com\/congtybocau\" target=\"_blank\" data-label=\"Facebook\" class=\"icon primary button circle facebook tooltip\" title=\"Follow on Facebook\" aria-label=\"Follow on Facebook\" rel=\"noopener nofollow\" ><i class=\"icon-facebook\" ><\/i><\/a><a href=\"mailto:info@bocau.com.vn\" data-label=\"E-mail\" target=\"_blank\" class=\"icon primary button circle email tooltip\" title=\"Send us an email\" aria-label=\"Send us an email\" rel=\"nofollow noopener\" ><i class=\"icon-envelop\" ><\/i><\/a><a href=\"tel:02839718719\" data-label=\"Phone\" target=\"_blank\" class=\"icon primary button circle phone tooltip\" title=\"Call us\" aria-label=\"Call us\" rel=\"nofollow noopener\" ><i class=\"icon-phone\" ><\/i><\/a><\/div>\n\n\n\t\t<\/div>\n\t\t\t\t\n<style>\n#col-2013598982 > .col-inner {\n  padding: 0px 0px 0px 0px;\n}\n@media (min-width:550px) {\n  #col-2013598982 > .col-inner {\n    padding: 40px 0px 0px 0px;\n  }\n}\n@media (min-width:850px) {\n  #col-2013598982 > .col-inner {\n    padding: 0px 10% 0px 5%;\n  }\n}\n<\/style>\n\t<\/div>\n\n\t\n\n\t<div id=\"col-1909454268\" class=\"col medium-12 small-12 large-6\"  >\n\t\t\t\t<div class=\"col-inner\"  >\n\t\t\t\n\t\t\t\n\n\n<div class=\"wpcf7 no-js\" id=\"wpcf7-f53924-o1\" lang=\"vi\" dir=\"ltr\" data-wpcf7-id=\"53924\">\n<div class=\"screen-reader-response\"><p role=\"status\" aria-live=\"polite\" aria-atomic=\"true\"><\/p> <ul><\/ul><\/div>\n<form action=\"\/en\/wp-json\/wp\/v2\/pages\/68#wpcf7-f53924-o1\" method=\"post\" class=\"wpcf7-form init\" aria-label=\"Form li\u00ean h\u1ec7\" novalidate=\"novalidate\" data-status=\"init\" data-trp-original-action=\"\/en\/wp-json\/wp\/v2\/pages\/68#wpcf7-f53924-o1\">\n<fieldset class=\"hidden-fields-container\"><input type=\"hidden\" name=\"_wpcf7\" value=\"53924\" \/><input type=\"hidden\" name=\"_wpcf7_version\" value=\"6.1.5\" \/><input type=\"hidden\" name=\"_wpcf7_locale\" value=\"vi\" \/><input type=\"hidden\" name=\"_wpcf7_unit_tag\" value=\"wpcf7-f53924-o1\" \/><input type=\"hidden\" name=\"_wpcf7_container_post\" value=\"0\" \/><input type=\"hidden\" name=\"_wpcf7_posted_data_hash\" value=\"\" \/>\n<\/fieldset>\n<div class=\"form-flat codfe-cf-7\">\n\t<p><span class=\"wpcf7-form-control-wrap\" data-name=\"your-name\"><input size=\"40\" maxlength=\"400\" class=\"wpcf7-form-control wpcf7-text wpcf7-validates-as-required\" aria-required=\"true\" aria-invalid=\"false\" placeholder=\"Name\" value=\"\" type=\"text\" name=\"your-name\" \/><\/span>\n\t<\/p>\n\t<p><span class=\"wpcf7-form-control-wrap\" data-name=\"your-tel\"><input size=\"40\" maxlength=\"400\" class=\"wpcf7-form-control wpcf7-tel wpcf7-validates-as-required wpcf7-text wpcf7-validates-as-tel\" aria-required=\"true\" aria-invalid=\"false\" placeholder=\"Phone\" value=\"\" type=\"tel\" name=\"your-tel\" \/><\/span>\n\t<\/p>\n\t<p><span class=\"wpcf7-form-control-wrap\" data-name=\"your-email\"><input size=\"40\" maxlength=\"400\" class=\"wpcf7-form-control wpcf7-email wpcf7-validates-as-required wpcf7-text wpcf7-validates-as-email\" aria-required=\"true\" aria-invalid=\"false\" placeholder=\"Email\" value=\"\" type=\"email\" name=\"your-email\" \/><\/span>\n\t<\/p>\n\t<p><span class=\"wpcf7-form-control-wrap\" data-name=\"your-message\"><textarea cols=\"40\" rows=\"10\" maxlength=\"2000\" class=\"wpcf7-form-control wpcf7-textarea\" aria-invalid=\"false\" placeholder=\"Message\" name=\"your-message\"><\/textarea><\/span>\n\t<\/p>\n\t<p><span class=\"wpcf7-form-control-wrap\" data-name=\"quiz-698\"><label><span class=\"wpcf7-quiz-label\">C\u00e2u h\u1ecfi b\u1ea3o m\u1eadt: 7 + 3 = ?<\/span> <input size=\"40\" class=\"wpcf7-form-control wpcf7-quiz\" autocomplete=\"off\" aria-required=\"true\" aria-invalid=\"false\" type=\"text\" name=\"quiz-698\" \/><\/label><input type=\"hidden\" name=\"_wpcf7_quiz_answer_quiz-698\" value=\"10fa47217951f8b63f75bf2c3cfedc0a\" \/><\/span>\n\t<\/p>\n\t<p><input class=\"wpcf7-form-control wpcf7-submit has-spinner button\" type=\"submit\" value=\"Submit now\" \/>\n\t<\/p>\n<\/div><div class=\"wpcf7-response-output\" aria-hidden=\"true\"><\/div>\n<input type=\"hidden\" name=\"trp-form-language\" value=\"en\"\/><\/form>\n<\/div>\n\n\n\n\t\t<\/div>\n\t\t\t\t\n<style>\n#col-1909454268 > .col-inner {\n  margin: 20px 0px 0px 0px;\n}\n<\/style>\n\t<\/div>\n\n\t\n\n<\/div>\n\n\t\t<\/div>\n\t\t\t\t\n<style>\n#col-637335751 > .col-inner {\n  padding: 50px 30px 0px 30px;\n  border-radius: 10px;\n}\n@media (min-width:550px) {\n  #col-637335751 > .col-inner {\n    padding: 30px 30px 0px 30px;\n  }\n}\n@media (min-width:850px) {\n  #col-637335751 > .col-inner {\n    padding: 60px 60px 20px 60px;\n  }\n}\n<\/style>\n\t<\/div>\n\n\t\n\n<\/div>\n\n\t\t<\/div>\n\n\t\t\n<style>\n#section_1231879977 {\n  padding-top: 30px;\n  padding-bottom: 30px;\n  min-height: 450px;\n}\n#section_1231879977 .ux-shape-divider--top svg {\n  height: 60px;\n  --divider-top-width: 100%;\n}\n@media (min-width:550px) {\n  #section_1231879977 .ux-shape-divider--top svg {\n    height: 150px;\n  }\n}\n<\/style>\n\t<\/section>\n\t\n\n<div class=\"row\"  id=\"row-1847627404\">\n\n\n\t<div id=\"col-1690380851\" class=\"col small-12 large-12\"  >\n\t\t\t\t<div class=\"col-inner box-shadow-2\"  >\n\t\t\t\n\t\t\t\n\n\n\n<iframe src=\"https:\/\/www.google.com\/maps\/embed?pb=!1m18!1m12!1m3!1d3919.2946236528915!2d106.6465731758411!3d10.788731889360818!2m3!1f0!2f0!3f0!3m2!1i1024!2i768!4f13.1!3m3!1m2!1s0x31752eb4505561a7%3A0xed8a0ab4957200a9!2zMzEgUGjhuqFtIFBow7ogVGjhu6ksIFBoxrDhu51uZyAxMSwgVMOibiBCw6xuaCwgVGjDoG5oIHBo4buRIEjhu5MgQ2jDrSBNaW5oLCBWaeG7h3QgTmFt!5e0!3m2!1svi!2s!4v1716793542591!5m2!1svi!2s\" width=\"2000\" height=\"300\" style=\"border:0;\" allowfullscreen=\"\" loading=\"lazy\" referrerpolicy=\"no-referrer-when-downgrade\"><\/iframe>\n\n\n\t\t<\/div>\n\t\t\t\t\n<style>\n#col-1690380851 > .col-inner {\n  padding: 0px 0px 0px 0px;\n  margin: 0px 0px 0px 0px;\n}\n<\/style>\n\t<\/div>\n\n\t\n\n<\/div>","protected":false},"excerpt":{"rendered":"","protected":false},"author":1,"featured_media":0,"parent":0,"menu_order":0,"comment_status":"closed","ping_status":"closed","template":"page-blank.php","meta":{"footnotes":""},"class_list":["post-68","page","type-page","status-publish","hentry"],"_links":{"self":[{"href":"https:\/\/bocau.com.vn\/en\/wp-json\/wp\/v2\/pages\/68","targetHints":{"allow":["GET"]}}],"collection":[{"href":"https:\/\/bocau.com.vn\/en\/wp-json\/wp\/v2\/pages"}],"about":[{"href":"https:\/\/bocau.com.vn\/en\/wp-json\/wp\/v2\/types\/page"}],"author":[{"embeddable":true,"href":"https:\/\/bocau.com.vn\/en\/wp-json\/wp\/v2\/users\/1"}],"replies":[{"embeddable":true,"href":"https:\/\/bocau.com.vn\/en\/wp-json\/wp\/v2\/comments?post=68"}],"version-history":[{"count":45,"href":"https:\/\/bocau.com.vn\/en\/wp-json\/wp\/v2\/pages\/68\/revisions"}],"predecessor-version":[{"id":55267,"href":"https:\/\/bocau.com.vn\/en\/wp-json\/wp\/v2\/pages\/68\/revisions\/55267"}],"wp:attachment":[{"href":"https:\/\/bocau.com.vn\/en\/wp-json\/wp\/v2\/media?parent=68"}],"curies":[{"name":"wp","href":"https:\/\/api.w.org\/{rel}","templated":true}]}}